{"id":472,"date":"2022-06-18T17:51:30","date_gmt":"2022-06-18T15:51:30","guid":{"rendered":"https:\/\/france-insight.com\/histoire\/"},"modified":"2022-10-02T21:15:26","modified_gmt":"2022-10-02T19:15:26","slug":"about-us","status":"publish","type":"page","link":"https:\/\/france-insight.com\/en\/about-us\/","title":{"rendered":"ABOUT US"},"content":{"rendered":"<p>[et_pb_section fb_built=&#8221;1&#8243; admin_label=&#8221;Header&#8221; _builder_version=&#8221;4.16&#8243; _module_preset=&#8221;default&#8221; background_color=&#8221;#f1580c&#8221; background_image=&#8221;https:\/\/france-insight.com\/wp-content\/uploads\/2022\/06\/transportation-services-18.png&#8221; background_size=&#8221;initial&#8221; background_position=&#8221;bottom_left&#8221; background_blend=&#8221;multiply&#8221; global_colors_info=&#8221;{}&#8221;][et_pb_row _builder_version=&#8221;4.16&#8243; _module_preset=&#8221;default&#8221; global_colors_info=&#8221;{}&#8221;][et_pb_column type=&#8221;4_4&#8243; _builder_version=&#8221;4.16&#8243; _module_preset=&#8221;default&#8221; custom_padding=&#8221;|||&#8221; global_colors_info=&#8221;{}&#8221; custom_padding__hover=&#8221;|||&#8221;][et_pb_text ul_type=&#8221;circle&#8221; _builder_version=&#8221;4.17.6&#8243; _module_preset=&#8221;default&#8221; text_font=&#8221;||||||||&#8221; text_font_size=&#8221;18px&#8221; text_line_height=&#8221;2em&#8221; ul_font=&#8221;||||||||&#8221; ul_font_size=&#8221;18px&#8221; ul_line_height=&#8221;2em&#8221; header_font=&#8221;Montserrat|700|||||||&#8221; header_font_size=&#8221;50px&#8221; header_line_height=&#8221;1.2em&#8221; text_orientation=&#8221;center&#8221; background_layout=&#8221;dark&#8221; header_font_size_tablet=&#8221;40px&#8221; header_font_size_phone=&#8221;28px&#8221; header_font_size_last_edited=&#8221;on|phone&#8221; global_colors_info=&#8221;{}&#8221;]<\/p>\n<h1>ABOUT US<\/h1>\n<p>[\/et_pb_text][\/et_pb_column][\/et_pb_row][\/et_pb_section][et_pb_section fb_built=&#8221;1&#8243; admin_label=&#8221;About us&#8221; _builder_version=&#8221;4.16&#8243; _module_preset=&#8221;default&#8221; global_colors_info=&#8221;{}&#8221;][et_pb_row column_structure=&#8221;1_2,1_2&#8243; _builder_version=&#8221;4.17.6&#8243; _module_preset=&#8221;default&#8221; custom_margin=&#8221;|auto|-43px|auto||&#8221; global_colors_info=&#8221;{}&#8221;][et_pb_column type=&#8221;1_2&#8243; _builder_version=&#8221;4.16&#8243; _module_preset=&#8221;default&#8221; custom_padding=&#8221;|||&#8221; global_colors_info=&#8221;{}&#8221; custom_padding__hover=&#8221;|||&#8221;][et_pb_text _builder_version=&#8221;4.17.6&#8243; _module_preset=&#8221;default&#8221; text_font=&#8221;||||||||&#8221; text_font_size=&#8221;16px&#8221; text_line_height=&#8221;2em&#8221; header_font=&#8221;||||||||&#8221; header_2_font=&#8221;Montserrat|700|||||||&#8221; header_2_font_size=&#8221;36px&#8221; header_2_line_height=&#8221;1.4em&#8221; max_width=&#8221;700px&#8221; module_alignment=&#8221;center&#8221; header_2_font_size_tablet=&#8221;26px&#8221; header_2_font_size_phone=&#8221;20px&#8221; header_2_font_size_last_edited=&#8221;on|phone&#8221; locked=&#8221;off&#8221; global_colors_info=&#8221;{}&#8221;]<\/p>\n<h2>SINCE 2000<\/h2>\n<p>FRANCE INSIGHT operates in France and Europe for your various group transport requests, combining comfort and safety.<\/p>\n<p>Whether on the runways of Paris Airport for crew and passenger transfers, for school transfers, or a tourist visit, we are here to best meet your needs.<\/p>\n<p>But no matter where you go, we always remain committed to our mission and our values that are deeply rooted in our culture.<\/p>\n<p>[\/et_pb_text][et_pb_text admin_label=&#8221;Texte&#8221; _builder_version=&#8221;4.17.6&#8243; _module_preset=&#8221;default&#8221; text_font=&#8221;||||||||&#8221; text_font_size=&#8221;16px&#8221; text_line_height=&#8221;2em&#8221; header_font=&#8221;||||||||&#8221; header_2_font=&#8221;Montserrat|700|||||||&#8221; header_2_font_size=&#8221;36px&#8221; header_2_line_height=&#8221;1.4em&#8221; max_width=&#8221;700px&#8221; module_alignment=&#8221;center&#8221; header_2_font_size_tablet=&#8221;26px&#8221; header_2_font_size_phone=&#8221;20px&#8221; header_2_font_size_last_edited=&#8221;on|phone&#8221; locked=&#8221;off&#8221; global_colors_info=&#8221;{}&#8221;]<\/p>\n<h2>FRANCE INSIGHT,<\/h2>\n<h2>a trusted partner<\/h2>\n<p>Safety, Punctuality and Hospitality have always been at the heart of our business.<\/p>\n<p>Today, we are active in 3 areas:<br \/>\u2013 PAX &amp; CREW Airport Services<br \/>\u2013 School service<br \/>\u2013 Touring service FR &amp; Europe<\/p>\n<p>Resolutely turned towards the future, and towards development, we provide you with a recent fleet with well-maintained vehicles that meet the latest EURO 6 standards.<\/p>\n<p>Two generations dedicated to the art of travel have built solid foundations, making FRANCE INSIGHT a trusted company.<\/p>\n<p>FRANCE INSIGHT is a team of professionals and trusted vehicles at your service.<\/p>\n<p>[\/et_pb_text][\/et_pb_column][et_pb_column type=&#8221;1_2&#8243; _builder_version=&#8221;4.16&#8243; _module_preset=&#8221;default&#8221; custom_padding=&#8221;|||&#8221; global_colors_info=&#8221;{}&#8221; custom_padding__hover=&#8221;|||&#8221;][et_pb_image src=&#8221;https:\/\/france-insight.com\/wp-content\/uploads\/2022\/06\/39d7e00d42b50e3da63bf66fec26d2d.jpg&#8221; title_text=&#8221;39d7e00d42b50e3da63bf66fec26d2d&#8221; _builder_version=&#8221;4.17.6&#8243; _module_preset=&#8221;default&#8221; global_colors_info=&#8221;{}&#8221;][\/et_pb_image][et_pb_image src=&#8221;https:\/\/france-insight.com\/wp-content\/uploads\/2022\/09\/label-operateur-autorise.png&#8221; title_text=&#8221;label-operateur-autorise&#8221; _builder_version=&#8221;4.17.6&#8243; _module_preset=&#8221;default&#8221; hover_enabled=&#8221;0&#8243; global_colors_info=&#8221;{}&#8221; sticky_enabled=&#8221;0&#8243; max_width=&#8221;50%&#8221;][\/et_pb_image][\/et_pb_column][\/et_pb_row][\/et_pb_section][et_pb_section fb_built=&#8221;1&#8243; admin_label=&#8221;Testimonials&#8221; _builder_version=&#8221;4.16&#8243; _module_preset=&#8221;default&#8221; background_color=&#8221;rgba(231,238,245,0.4)&#8221; global_colors_info=&#8221;{}&#8221;][et_pb_row _builder_version=&#8221;4.17.6&#8243; _module_preset=&#8221;default&#8221; custom_padding=&#8221;27px|||||&#8221; global_colors_info=&#8221;{}&#8221;][et_pb_column type=&#8221;4_4&#8243; _builder_version=&#8221;4.16&#8243; _module_preset=&#8221;default&#8221; custom_padding=&#8221;|||&#8221; global_colors_info=&#8221;{}&#8221; custom_padding__hover=&#8221;|||&#8221;][et_pb_text _builder_version=&#8221;4.17.6&#8243; _module_preset=&#8221;default&#8221; text_font=&#8221;||||||||&#8221; text_font_size=&#8221;16px&#8221; text_line_height=&#8221;2em&#8221; header_font=&#8221;||||||||&#8221; header_3_font=&#8221;Montserrat|700|||||||&#8221; header_3_font_size=&#8221;36px&#8221; header_3_line_height=&#8221;1.4em&#8221; text_orientation=&#8221;center&#8221; max_width=&#8221;700px&#8221; module_alignment=&#8221;center&#8221; header_3_font_size_tablet=&#8221;26px&#8221; header_3_font_size_phone=&#8221;20px&#8221; header_3_font_size_last_edited=&#8221;on|phone&#8221; locked=&#8221;off&#8221; global_colors_info=&#8221;{}&#8221;]<\/p>\n<h3>PHOTO GALERY \u2013 OUR FLEET<\/h3>\n<h2 class=\"et_pb_module_header et-fb-editable-element et-fb-editable-element__editing\" data-shortcode-id=\"4.1.1.0-1655725691472\" data-quickaccess-id=\"header\" contenteditable=\"true\"><strong>All compliant with latest <span class=\"fontstyle0\" style=\"color: #339966;\">EURO6 standards<\/span><br \/>\n<\/strong><\/h2>\n<h2 class=\"et_pb_module_header et-fb-editable-element et-fb-editable-element__editing\" data-shortcode-id=\"4.1.1.0-1655725691472\" data-quickaccess-id=\"header\" contenteditable=\"true\"><\/h2>\n<p>[\/et_pb_text][et_pb_gallery gallery_ids=&#8221;81,82,83,90,94,217,218,219&#8243; gallery_orderby=&#8221;rand&#8221; posts_number=&#8221;8&#8243; show_title_and_caption=&#8221;off&#8221; _builder_version=&#8221;4.17.4&#8243; _module_preset=&#8221;default&#8221; global_colors_info=&#8221;{}&#8221;][\/et_pb_gallery][\/et_pb_column][\/et_pb_row][\/et_pb_section]<\/p>\n","protected":false},"excerpt":{"rendered":"<p>ABOUT USSINCE 2000 FRANCE INSIGHT operates in France and Europe for your various group transport requests, combining comfort and safety. Whether on the runways of Paris Airport for crew and passenger transfers, for school transfers, or a tourist visit, we are here to best meet your needs. But no matter where you go, we always [&hellip;]<\/p>\n","protected":false},"author":1,"featured_media":0,"parent":0,"menu_order":0,"comment_status":"closed","ping_status":"closed","template":"","meta":{"_et_pb_use_builder":"on","_et_pb_old_content":"[et_pb_section fb_built=\"1\" admin_label=\"Header\" _builder_version=\"4.16\" _module_preset=\"default\" background_color=\"#f1580c\" background_image=\"https:\/\/france-insight.com\/wp-content\/uploads\/2022\/06\/transportation-services-18.png\" background_size=\"initial\" background_position=\"bottom_left\" background_blend=\"multiply\" global_colors_info=\"{}\"][et_pb_row _builder_version=\"4.16\" _module_preset=\"default\" global_colors_info=\"{}\"][et_pb_column type=\"4_4\" _builder_version=\"4.16\" _module_preset=\"default\" custom_padding=\"|||\" global_colors_info=\"{}\" custom_padding__hover=\"|||\"][et_pb_text ul_type=\"circle\" _builder_version=\"4.17.6\" _module_preset=\"default\" text_font=\"||||||||\" text_font_size=\"18px\" text_line_height=\"2em\" ul_font=\"||||||||\" ul_font_size=\"18px\" ul_line_height=\"2em\" header_font=\"Montserrat|700|||||||\" header_font_size=\"50px\" header_line_height=\"1.2em\" text_orientation=\"center\" background_layout=\"dark\" header_font_size_tablet=\"40px\" header_font_size_phone=\"28px\" header_font_size_last_edited=\"on|phone\" global_colors_info=\"{}\"]\n<h1>Qui sommes-nous ?<\/h1>\n[\/et_pb_text][\/et_pb_column][\/et_pb_row][\/et_pb_section][et_pb_section fb_built=\"1\" admin_label=\"About us\" _builder_version=\"4.16\" _module_preset=\"default\" global_colors_info=\"{}\"][et_pb_row column_structure=\"1_2,1_2\" _builder_version=\"4.17.6\" _module_preset=\"default\" custom_margin=\"|auto|-43px|auto||\" global_colors_info=\"{}\"][et_pb_column type=\"1_2\" _builder_version=\"4.16\" _module_preset=\"default\" custom_padding=\"|||\" global_colors_info=\"{}\" custom_padding__hover=\"|||\"][et_pb_text _builder_version=\"4.17.6\" _module_preset=\"default\" text_font=\"||||||||\" text_font_size=\"16px\" text_line_height=\"2em\" header_font=\"||||||||\" header_2_font=\"Montserrat|700|||||||\" header_2_font_size=\"36px\" header_2_line_height=\"1.4em\" max_width=\"700px\" module_alignment=\"center\" header_2_font_size_tablet=\"26px\" header_2_font_size_phone=\"20px\" header_2_font_size_last_edited=\"on|phone\" locked=\"off\" global_colors_info=\"{}\"]\n<h2>DEPUIS 2000<\/h2>\n<span>FRANCE INSIGHT op\u00e8re en France et en Europe pour vos diverses demandes de transport de groupe, en alliant confort et s\u00e9curit\u00e9.<\/span>\n\n<span>Que ce soit sur les pistes de l\u2019A\u00e9roport de Paris pour les transferts d\u2019\u00e9quipages et de passagers, dans le cadre des transferts scolaires, ou d\u2019une visite touristique, nous sommes l\u00e0 pour r\u00e9pondre au mieux \u00e0 vos besoins.<\/span>\n\n<span>Mais peu importe o\u00f9 vous allez, nous restons toujours attach\u00e9s \u00e0 notre mission et \u00e0 nos valeurs profond\u00e9ment ancr\u00e9es dans notre culture.<\/span>\n\n[\/et_pb_text][et_pb_text admin_label=\"Texte\" _builder_version=\"4.17.6\" _module_preset=\"default\" text_font=\"||||||||\" text_font_size=\"16px\" text_line_height=\"2em\" header_font=\"||||||||\" header_2_font=\"Montserrat|700|||||||\" header_2_font_size=\"36px\" header_2_line_height=\"1.4em\" max_width=\"700px\" module_alignment=\"center\" header_2_font_size_tablet=\"26px\" header_2_font_size_phone=\"20px\" header_2_font_size_last_edited=\"on|phone\" locked=\"off\" global_colors_info=\"{}\"]\n<h2>FRANCE INSIGHT,<\/h2>\n<h2>un partenaire de confiance<\/h2>\n<span>S\u00e9curit\u00e9, Ponctualit\u00e9 et Hospitalit\u00e9 ont toujours \u00e9t\u00e9 au c\u0153ur de notre entreprise.<\/span>\n\n<span>Aujourd\u2019hui, nous sommes actifs dans 3 domaines :\n- Services A\u00e9roportuaires PAX &amp; CREW\n- Service Scolaire\n- Service touristique<\/span>\n\n<span>R\u00e9solument tourn\u00e9e vers l\u2019avenir, et vers le d\u00e9veloppement, nous mettons \u00e0 votre disposition une flotte r\u00e9cente avec des v\u00e9hicules bien entretenus et r\u00e9pondant aux derni\u00e8res normes EURO 6.<\/span>\n\n<span>Deux g\u00e9n\u00e9rations d\u00e9di\u00e9es \u00e0 l\u2019art du voyage ont permis de construire des bases solides, faisant de FRANCE INSIGHT une entreprise de confiance.<\/span>\n\n<span>FRANCE INSIGHT, c\u2019est une \u00e9quipe de professionnels et des v\u00e9hicules de confiance \u00e0 votre service.<\/span>\n\n[\/et_pb_text][\/et_pb_column][et_pb_column type=\"1_2\" _builder_version=\"4.16\" _module_preset=\"default\" custom_padding=\"|||\" global_colors_info=\"{}\" custom_padding__hover=\"|||\"][et_pb_image src=\"https:\/\/france-insight.com\/wp-content\/uploads\/2022\/06\/39d7e00d42b50e3da63bf66fec26d2d.jpg\" title_text=\"39d7e00d42b50e3da63bf66fec26d2d\" _builder_version=\"4.17.6\" _module_preset=\"default\" global_colors_info=\"{}\"][\/et_pb_image][\/et_pb_column][\/et_pb_row][\/et_pb_section][et_pb_section fb_built=\"1\" admin_label=\"Testimonials\" _builder_version=\"4.16\" _module_preset=\"default\" background_color=\"rgba(231,238,245,0.4)\" global_colors_info=\"{}\"][et_pb_row _builder_version=\"4.17.6\" _module_preset=\"default\" custom_padding=\"27px|||||\" global_colors_info=\"{}\"][et_pb_column type=\"4_4\" _builder_version=\"4.16\" _module_preset=\"default\" custom_padding=\"|||\" global_colors_info=\"{}\" custom_padding__hover=\"|||\"][et_pb_text _builder_version=\"4.17.6\" _module_preset=\"default\" text_font=\"||||||||\" text_font_size=\"16px\" text_line_height=\"2em\" header_font=\"||||||||\" header_3_font=\"Montserrat|700|||||||\" header_3_font_size=\"36px\" header_3_line_height=\"1.4em\" text_orientation=\"center\" max_width=\"700px\" module_alignment=\"center\" header_3_font_size_tablet=\"26px\" header_3_font_size_phone=\"20px\" header_3_font_size_last_edited=\"on|phone\" locked=\"off\" global_colors_info=\"{}\"]\n<h3><\/h3>\n<h2 class=\"et_pb_module_header et-fb-editable-element et-fb-editable-element__editing\" data-shortcode-id=\"4.1.1.0-1655725691472\" data-quickaccess-id=\"header\" contenteditable=\"true\"><strong>UNE FLOTTE RECENTE Aux derni\u00e8res <span class=\"fontstyle0\" style=\"color: #339966;\">normes EURO 6<\/span>\n<\/strong><\/h2>\n<h2 class=\"et_pb_module_header et-fb-editable-element et-fb-editable-element__editing\" data-shortcode-id=\"4.1.1.0-1655725691472\" data-quickaccess-id=\"header\" contenteditable=\"true\"><\/h2>\n[\/et_pb_text][et_pb_gallery gallery_ids=\"81,82,83,90,94,217,218,219\" gallery_orderby=\"rand\" posts_number=\"8\" show_title_and_caption=\"off\" _builder_version=\"4.17.4\" _module_preset=\"default\" global_colors_info=\"{}\"][\/et_pb_gallery][\/et_pb_column][\/et_pb_row][\/et_pb_section]","_et_gb_content_width":"","footnotes":""},"class_list":["post-472","page","type-page","status-publish","hentry"],"yoast_head":"<!-- This site is optimized with the Yoast SEO plugin v20.3 - https:\/\/yoast.com\/wordpress\/plugins\/seo\/ -->\n<title>ABOUT US - FRANCE INSIGHT<\/title>\n<meta name=\"robots\" content=\"index, follow, max-snippet:-1, max-image-preview:large, max-video-preview:-1\" \/>\n<link rel=\"canonical\" href=\"https:\/\/france-insight.com\/en\/about-us\/\" \/>\n<meta property=\"og:locale\" content=\"en_US\" \/>\n<meta property=\"og:type\" content=\"article\" \/>\n<meta property=\"og:title\" content=\"ABOUT US - FRANCE INSIGHT\" \/>\n<meta property=\"og:description\" content=\"ABOUT USSINCE 2000 FRANCE INSIGHT operates in France and Europe for your various group transport requests, combining comfort and safety. Whether on the runways of Paris Airport for crew and passenger transfers, for school transfers, or a tourist visit, we are here to best meet your needs. But no matter where you go, we always [&hellip;]\" \/>\n<meta property=\"og:url\" content=\"https:\/\/france-insight.com\/en\/about-us\/\" \/>\n<meta property=\"og:site_name\" content=\"FRANCE INSIGHT\" \/>\n<meta property=\"article:modified_time\" content=\"2022-10-02T19:15:26+00:00\" \/>\n<meta name=\"twitter:card\" content=\"summary_large_image\" \/>\n<meta name=\"twitter:label1\" content=\"Est. reading time\" \/>\n\t<meta name=\"twitter:data1\" content=\"4 minutes\" \/>\n<script type=\"application\/ld+json\" class=\"yoast-schema-graph\">{\"@context\":\"https:\/\/schema.org\",\"@graph\":[{\"@type\":\"WebPage\",\"@id\":\"https:\/\/france-insight.com\/en\/about-us\/\",\"url\":\"https:\/\/france-insight.com\/en\/about-us\/\",\"name\":\"ABOUT US - FRANCE INSIGHT\",\"isPartOf\":{\"@id\":\"https:\/\/france-insight.com\/en\/#website\"},\"datePublished\":\"2022-06-18T15:51:30+00:00\",\"dateModified\":\"2022-10-02T19:15:26+00:00\",\"breadcrumb\":{\"@id\":\"https:\/\/france-insight.com\/en\/about-us\/#breadcrumb\"},\"inLanguage\":\"en-US\",\"potentialAction\":[{\"@type\":\"ReadAction\",\"target\":[\"https:\/\/france-insight.com\/en\/about-us\/\"]}]},{\"@type\":\"BreadcrumbList\",\"@id\":\"https:\/\/france-insight.com\/en\/about-us\/#breadcrumb\",\"itemListElement\":[{\"@type\":\"ListItem\",\"position\":1,\"name\":\"Accueil\",\"item\":\"https:\/\/france-insight.com\/\"},{\"@type\":\"ListItem\",\"position\":2,\"name\":\"ABOUT US\"}]},{\"@type\":\"WebSite\",\"@id\":\"https:\/\/france-insight.com\/en\/#website\",\"url\":\"https:\/\/france-insight.com\/en\/\",\"name\":\"FRANCE INSIGHT\",\"description\":\"Mobilit\u00e9 | CDG Services a\u00e9roportuaires | Services scolaires et Touristiques depuis 2000\",\"publisher\":{\"@id\":\"https:\/\/france-insight.com\/en\/#organization\"},\"potentialAction\":[{\"@type\":\"SearchAction\",\"target\":{\"@type\":\"EntryPoint\",\"urlTemplate\":\"https:\/\/france-insight.com\/en\/?s={search_term_string}\"},\"query-input\":\"required name=search_term_string\"}],\"inLanguage\":\"en-US\"},{\"@type\":\"Organization\",\"@id\":\"https:\/\/france-insight.com\/en\/#organization\",\"name\":\"FRANCE INSIGHT\",\"url\":\"https:\/\/france-insight.com\/en\/\",\"logo\":{\"@type\":\"ImageObject\",\"inLanguage\":\"en-US\",\"@id\":\"https:\/\/france-insight.com\/en\/#\/schema\/logo\/image\/\",\"url\":\"https:\/\/france-insight.com\/wp-content\/uploads\/2022\/06\/icon.jpg\",\"contentUrl\":\"https:\/\/france-insight.com\/wp-content\/uploads\/2022\/06\/icon.jpg\",\"width\":500,\"height\":500,\"caption\":\"FRANCE INSIGHT\"},\"image\":{\"@id\":\"https:\/\/france-insight.com\/en\/#\/schema\/logo\/image\/\"}}]}<\/script>\n<!-- \/ Yoast SEO plugin. -->","yoast_head_json":{"title":"ABOUT US - FRANCE INSIGHT","robots":{"index":"index","follow":"follow","max-snippet":"max-snippet:-1","max-image-preview":"max-image-preview:large","max-video-preview":"max-video-preview:-1"},"canonical":"https:\/\/france-insight.com\/en\/about-us\/","og_locale":"en_US","og_type":"article","og_title":"ABOUT US - FRANCE INSIGHT","og_description":"ABOUT USSINCE 2000 FRANCE INSIGHT operates in France and Europe for your various group transport requests, combining comfort and safety. Whether on the runways of Paris Airport for crew and passenger transfers, for school transfers, or a tourist visit, we are here to best meet your needs. But no matter where you go, we always [&hellip;]","og_url":"https:\/\/france-insight.com\/en\/about-us\/","og_site_name":"FRANCE INSIGHT","article_modified_time":"2022-10-02T19:15:26+00:00","twitter_card":"summary_large_image","twitter_misc":{"Est. reading time":"4 minutes"},"schema":{"@context":"https:\/\/schema.org","@graph":[{"@type":"WebPage","@id":"https:\/\/france-insight.com\/en\/about-us\/","url":"https:\/\/france-insight.com\/en\/about-us\/","name":"ABOUT US - FRANCE INSIGHT","isPartOf":{"@id":"https:\/\/france-insight.com\/en\/#website"},"datePublished":"2022-06-18T15:51:30+00:00","dateModified":"2022-10-02T19:15:26+00:00","breadcrumb":{"@id":"https:\/\/france-insight.com\/en\/about-us\/#breadcrumb"},"inLanguage":"en-US","potentialAction":[{"@type":"ReadAction","target":["https:\/\/france-insight.com\/en\/about-us\/"]}]},{"@type":"BreadcrumbList","@id":"https:\/\/france-insight.com\/en\/about-us\/#breadcrumb","itemListElement":[{"@type":"ListItem","position":1,"name":"Accueil","item":"https:\/\/france-insight.com\/"},{"@type":"ListItem","position":2,"name":"ABOUT US"}]},{"@type":"WebSite","@id":"https:\/\/france-insight.com\/en\/#website","url":"https:\/\/france-insight.com\/en\/","name":"FRANCE INSIGHT","description":"Mobilit\u00e9 | CDG Services a\u00e9roportuaires | Services scolaires et Touristiques depuis 2000","publisher":{"@id":"https:\/\/france-insight.com\/en\/#organization"},"potentialAction":[{"@type":"SearchAction","target":{"@type":"EntryPoint","urlTemplate":"https:\/\/france-insight.com\/en\/?s={search_term_string}"},"query-input":"required name=search_term_string"}],"inLanguage":"en-US"},{"@type":"Organization","@id":"https:\/\/france-insight.com\/en\/#organization","name":"FRANCE INSIGHT","url":"https:\/\/france-insight.com\/en\/","logo":{"@type":"ImageObject","inLanguage":"en-US","@id":"https:\/\/france-insight.com\/en\/#\/schema\/logo\/image\/","url":"https:\/\/france-insight.com\/wp-content\/uploads\/2022\/06\/icon.jpg","contentUrl":"https:\/\/france-insight.com\/wp-content\/uploads\/2022\/06\/icon.jpg","width":500,"height":500,"caption":"FRANCE INSIGHT"},"image":{"@id":"https:\/\/france-insight.com\/en\/#\/schema\/logo\/image\/"}}]}},"_links":{"self":[{"href":"https:\/\/france-insight.com\/en\/wp-json\/wp\/v2\/pages\/472","targetHints":{"allow":["GET"]}}],"collection":[{"href":"https:\/\/france-insight.com\/en\/wp-json\/wp\/v2\/pages"}],"about":[{"href":"https:\/\/france-insight.com\/en\/wp-json\/wp\/v2\/types\/page"}],"author":[{"embeddable":true,"href":"https:\/\/france-insight.com\/en\/wp-json\/wp\/v2\/users\/1"}],"replies":[{"embeddable":true,"href":"https:\/\/france-insight.com\/en\/wp-json\/wp\/v2\/comments?post=472"}],"version-history":[{"count":9,"href":"https:\/\/france-insight.com\/en\/wp-json\/wp\/v2\/pages\/472\/revisions"}],"predecessor-version":[{"id":655,"href":"https:\/\/france-insight.com\/en\/wp-json\/wp\/v2\/pages\/472\/revisions\/655"}],"wp:attachment":[{"href":"https:\/\/france-insight.com\/en\/wp-json\/wp\/v2\/media?parent=472"}],"curies":[{"name":"wp","href":"https:\/\/api.w.org\/{rel}","templated":true}]}}