{"id":468,"date":"2022-06-18T17:54:03","date_gmt":"2022-06-18T15:54:03","guid":{"rendered":"https:\/\/france-insight.com\/equipe\/"},"modified":"2022-10-02T15:29:31","modified_gmt":"2022-10-02T13:29:31","slug":"team","status":"publish","type":"page","link":"https:\/\/france-insight.com\/en\/team\/","title":{"rendered":"Team"},"content":{"rendered":"<p>[et_pb_section fb_built=&#8221;1&#8243; admin_label=&#8221;Header&#8221; _builder_version=&#8221;4.16&#8243; _module_preset=&#8221;default&#8221; background_color=&#8221;#ff5b0c&#8221; use_background_color_gradient=&#8221;on&#8221; background_color_gradient_type=&#8221;circular&#8221; background_color_gradient_stops=&#8221;#ff5b0c 20%|rgba(255,255,255,0) 100%&#8221; background_color_gradient_overlays_image=&#8221;on&#8221; background_color_gradient_start=&#8221;#ff5b0c&#8221; background_color_gradient_start_position=&#8221;20%&#8221; background_color_gradient_end=&#8221;rgba(255,255,255,0)&#8221; background_image=&#8221;https:\/\/france-insight.com\/wp-content\/uploads\/2022\/06\/transportation-services-17.png&#8221; background_size=&#8221;initial&#8221; custom_padding=&#8221;10vw|0px|10vw|0px|true|false&#8221; global_colors_info=&#8221;{}&#8221;][et_pb_row _builder_version=&#8221;4.16&#8243; _module_preset=&#8221;default&#8221; global_colors_info=&#8221;{}&#8221;][et_pb_column type=&#8221;4_4&#8243; _builder_version=&#8221;4.16&#8243; _module_preset=&#8221;default&#8221; custom_padding=&#8221;|||&#8221; global_colors_info=&#8221;{}&#8221; custom_padding__hover=&#8221;|||&#8221;][et_pb_text ul_type=&#8221;circle&#8221; _builder_version=&#8221;4.16&#8243; _module_preset=&#8221;default&#8221; text_font=&#8221;||||||||&#8221; text_font_size=&#8221;18px&#8221; text_line_height=&#8221;2em&#8221; ul_font=&#8221;||||||||&#8221; ul_font_size=&#8221;18px&#8221; ul_line_height=&#8221;2em&#8221; header_font=&#8221;Montserrat|700|||||||&#8221; header_font_size=&#8221;50px&#8221; header_line_height=&#8221;1.2em&#8221; text_orientation=&#8221;center&#8221; background_layout=&#8221;dark&#8221; max_width=&#8221;600px&#8221; module_alignment=&#8221;center&#8221; header_font_size_tablet=&#8221;40px&#8221; header_font_size_phone=&#8221;28px&#8221; header_font_size_last_edited=&#8221;on|phone&#8221; global_colors_info=&#8221;{}&#8221;]<\/p>\n<h1>Notre \u00e9quipe&nbsp;<\/h1>\n<p>[\/et_pb_text][\/et_pb_column][\/et_pb_row][\/et_pb_section][et_pb_section fb_built=&#8221;1&#8243; prev_background_color=&#8221;#ff5b0c&#8221; admin_label=&#8221;Feature&#8221; _builder_version=&#8221;4.16&#8243; _module_preset=&#8221;default&#8221; background_image=&#8221;https:\/\/france-insight.com\/wp-content\/uploads\/2022\/06\/transportation-services-05.png&#8221; background_size=&#8221;initial&#8221; background_position=&#8221;top_left&#8221; custom_padding=&#8221;|||&#8221; top_divider_style=&#8221;slant2&#8243; bottom_divider_style=&#8221;ramp2&#8243; bottom_divider_color=&#8221;#f1f5f9&#8243; bottom_divider_height=&#8221;250px&#8221; locked=&#8221;off&#8221; global_colors_info=&#8221;{}&#8221;][et_pb_row column_structure=&#8221;1_3,2_3&#8243; custom_padding_last_edited=&#8221;on|tablet&#8221; _builder_version=&#8221;4.16&#8243; _module_preset=&#8221;default&#8221; width=&#8221;100%&#8221; max_width=&#8221;100%&#8221; module_alignment=&#8221;right&#8221; custom_margin=&#8221;|||&#8221; custom_margin_tablet=&#8221;|70px||10%||false&#8221; custom_margin_last_edited=&#8221;off|desktop&#8221; custom_padding=&#8221;|0||18%|false|false&#8221; custom_padding_tablet=&#8221;|||10%&#8221; custom_padding_phone=&#8221;&#8221; use_custom_width=&#8221;on&#8221; width_unit=&#8221;off&#8221; custom_width_percent=&#8221;100%&#8221; global_colors_info=&#8221;{}&#8221;][et_pb_column type=&#8221;1_3&#8243; _builder_version=&#8221;4.16&#8243; _module_preset=&#8221;default&#8221; custom_padding=&#8221;|||&#8221; custom_padding_tablet=&#8221;|10%||&#8221; custom_padding_phone=&#8221;|||&#8221; custom_padding_last_edited=&#8221;on|phone&#8221; global_colors_info=&#8221;{}&#8221; padding_phone=&#8221;|||&#8221; padding_tablet=&#8221;|10%||&#8221; padding_last_edited=&#8221;on|phone&#8221; custom_padding__hover=&#8221;|||&#8221;][et_pb_cta button_url=&#8221;#&#8221; _builder_version=&#8221;4.17.4&#8243; _module_preset=&#8221;default&#8221; header_font=&#8221;Montserrat|700|||||||&#8221; header_font_size=&#8221;36px&#8221; header_line_height=&#8221;1.4em&#8221; body_font=&#8221;||||||||&#8221; body_font_size=&#8221;16px&#8221; body_line_height=&#8221;2em&#8221; use_background_color=&#8221;off&#8221; custom_button=&#8221;on&#8221; button_text_size=&#8221;16px&#8221; button_text_color=&#8221;#ffffff&#8221; button_bg_color=&#8221;#ff5b0c&#8221; button_border_width=&#8221;10px&#8221; button_border_color=&#8221;#ff5b0c&#8221; button_letter_spacing=&#8221;2px&#8221; button_font=&#8221;Montserrat|700|||||||&#8221; button_icon=&#8221;$||divi||400&#8243; text_orientation=&#8221;left&#8221; background_layout=&#8221;light&#8221; header_font_size_tablet=&#8221;26px&#8221; header_font_size_phone=&#8221;20px&#8221; header_font_size_last_edited=&#8221;on|phone&#8221; global_colors_info=&#8221;{}&#8221; button_text_size__hover_enabled=&#8221;off&#8221; button_one_text_size__hover_enabled=&#8221;off&#8221; button_two_text_size__hover_enabled=&#8221;off&#8221; button_text_color__hover_enabled=&#8221;off&#8221; button_one_text_color__hover_enabled=&#8221;off&#8221; button_two_text_color__hover_enabled=&#8221;off&#8221; button_border_width__hover_enabled=&#8221;off&#8221; button_one_border_width__hover_enabled=&#8221;off&#8221; button_two_border_width__hover_enabled=&#8221;off&#8221; button_border_color__hover_enabled=&#8221;off&#8221; button_one_border_color__hover_enabled=&#8221;off&#8221; button_two_border_color__hover_enabled=&#8221;off&#8221; button_border_radius__hover_enabled=&#8221;off&#8221; button_one_border_radius__hover_enabled=&#8221;off&#8221; button_two_border_radius__hover_enabled=&#8221;off&#8221; button_letter_spacing__hover_enabled=&#8221;off&#8221; button_one_letter_spacing__hover_enabled=&#8221;off&#8221; button_two_letter_spacing__hover_enabled=&#8221;off&#8221; button_bg_color__hover_enabled=&#8221;off&#8221; button_one_bg_color__hover_enabled=&#8221;off&#8221; button_two_bg_color__hover_enabled=&#8221;off&#8221;]<\/p>\n<p><span>Notre prosp\u00e9rit\u00e9 est intimement li\u00e9e \u00e0 notre \u00e9quipe de conducteurs d\u00e9di\u00e9s, responsables et exp\u00e9riment\u00e9s, qui par amour du travail, ex\u00e9cutent les missions souvent \u00e0 perfection.&nbsp; <\/span><\/p>\n<p><span>Nous s\u00e9lectionnons les profils les plus adapt\u00e9s \u00e0 l\u2019emploi et attirons les jeunes talents \u00e0 d\u00e9couvrir pleinement notre m\u00e9tier gr\u00e2ce \u00e0 un suivi et un encadrement assur\u00e9s par nos plus exp\u00e9riment\u00e9s. <\/span><\/p>\n<p>[\/et_pb_cta][\/et_pb_column][et_pb_column type=&#8221;2_3&#8243; _builder_version=&#8221;4.16&#8243; _module_preset=&#8221;default&#8221; custom_padding=&#8221;|||&#8221; global_colors_info=&#8221;{}&#8221; custom_padding__hover=&#8221;|||&#8221;][et_pb_image src=&#8221;https:\/\/france-insight.com\/wp-content\/uploads\/2022\/07\/IMG_20220530_140843-scaled.jpg&#8221; align=&#8221;right&#8221; force_fullwidth=&#8221;on&#8221; _builder_version=&#8221;4.17.4&#8243; _module_preset=&#8221;default&#8221; custom_margin=&#8221;|||&#8221; animation_style=&#8221;zoom&#8221; animation_direction=&#8221;right&#8221; animation_intensity_zoom=&#8221;5%&#8221; hover_enabled=&#8221;0&#8243; always_center_on_mobile=&#8221;off&#8221; global_colors_info=&#8221;{}&#8221; title_text=&#8221;fznor_vivid&#8221; sticky_enabled=&#8221;0&#8243;][\/et_pb_image][\/et_pb_column][\/et_pb_row][\/et_pb_section]<\/p>\n","protected":false},"excerpt":{"rendered":"<p>Notre \u00e9quipe&nbsp; Notre prosp\u00e9rit\u00e9 est intimement li\u00e9e \u00e0 notre \u00e9quipe de conducteurs d\u00e9di\u00e9s, responsables et exp\u00e9riment\u00e9s, qui par amour du travail, ex\u00e9cutent les missions souvent \u00e0 perfection.&nbsp; Nous s\u00e9lectionnons les profils les plus adapt\u00e9s \u00e0 l\u2019emploi et attirons les jeunes talents \u00e0 d\u00e9couvrir pleinement notre m\u00e9tier gr\u00e2ce \u00e0 un suivi et un encadrement assur\u00e9s par [&hellip;]<\/p>\n","protected":false},"author":1,"featured_media":0,"parent":0,"menu_order":0,"comment_status":"closed","ping_status":"closed","template":"","meta":{"_et_pb_use_builder":"on","_et_pb_old_content":"[et_pb_section fb_built=\"1\" admin_label=\"Header\" _builder_version=\"4.16\" _module_preset=\"default\" background_color=\"#ff5b0c\" use_background_color_gradient=\"on\" background_color_gradient_type=\"circular\" background_color_gradient_stops=\"#ff5b0c 20%|rgba(255,255,255,0) 100%\" background_color_gradient_overlays_image=\"on\" background_color_gradient_start=\"#ff5b0c\" background_color_gradient_start_position=\"20%\" background_color_gradient_end=\"rgba(255,255,255,0)\" background_image=\"https:\/\/france-insight.com\/wp-content\/uploads\/2022\/06\/transportation-services-17.png\" background_size=\"initial\" custom_padding=\"10vw|0px|10vw|0px|true|false\" global_colors_info=\"{}\"][et_pb_row _builder_version=\"4.16\" _module_preset=\"default\" global_colors_info=\"{}\"][et_pb_column type=\"4_4\" _builder_version=\"4.16\" _module_preset=\"default\" custom_padding=\"|||\" global_colors_info=\"{}\" custom_padding__hover=\"|||\"][et_pb_text ul_type=\"circle\" _builder_version=\"4.16\" _module_preset=\"default\" text_font=\"||||||||\" text_font_size=\"18px\" text_line_height=\"2em\" ul_font=\"||||||||\" ul_font_size=\"18px\" ul_line_height=\"2em\" header_font=\"Montserrat|700|||||||\" header_font_size=\"50px\" header_line_height=\"1.2em\" text_orientation=\"center\" background_layout=\"dark\" max_width=\"600px\" module_alignment=\"center\" header_font_size_tablet=\"40px\" header_font_size_phone=\"28px\" header_font_size_last_edited=\"on|phone\" global_colors_info=\"{}\"]\n<h1>Notre \u00e9quipe&nbsp;<\/h1>\n[\/et_pb_text][\/et_pb_column][\/et_pb_row][\/et_pb_section][et_pb_section fb_built=\"1\" prev_background_color=\"#ff5b0c\" admin_label=\"Feature\" _builder_version=\"4.16\" _module_preset=\"default\" background_image=\"https:\/\/france-insight.com\/wp-content\/uploads\/2022\/06\/transportation-services-05.png\" background_size=\"initial\" background_position=\"top_left\" custom_padding=\"|||\" top_divider_style=\"slant2\" bottom_divider_style=\"ramp2\" bottom_divider_color=\"#f1f5f9\" bottom_divider_height=\"250px\" locked=\"off\" global_colors_info=\"{}\"][et_pb_row column_structure=\"1_3,2_3\" custom_padding_last_edited=\"on|tablet\" _builder_version=\"4.16\" _module_preset=\"default\" width=\"100%\" max_width=\"100%\" module_alignment=\"right\" custom_margin=\"|||\" custom_margin_tablet=\"|70px||10%||false\" custom_margin_last_edited=\"off|desktop\" custom_padding=\"|0||18%|false|false\" custom_padding_tablet=\"|||10%\" custom_padding_phone=\"\" use_custom_width=\"on\" width_unit=\"off\" custom_width_percent=\"100%\" global_colors_info=\"{}\"][et_pb_column type=\"1_3\" _builder_version=\"4.16\" _module_preset=\"default\" custom_padding=\"|||\" custom_padding_tablet=\"|10%||\" custom_padding_phone=\"|||\" custom_padding_last_edited=\"on|phone\" global_colors_info=\"{}\" padding_phone=\"|||\" padding_tablet=\"|10%||\" padding_last_edited=\"on|phone\" custom_padding__hover=\"|||\"][et_pb_cta button_url=\"#\" _builder_version=\"4.17.4\" _module_preset=\"default\" header_font=\"Montserrat|700|||||||\" header_font_size=\"36px\" header_line_height=\"1.4em\" body_font=\"||||||||\" body_font_size=\"16px\" body_line_height=\"2em\" use_background_color=\"off\" custom_button=\"on\" button_text_size=\"16px\" button_text_color=\"#ffffff\" button_bg_color=\"#ff5b0c\" button_border_width=\"10px\" button_border_color=\"#ff5b0c\" button_letter_spacing=\"2px\" button_font=\"Montserrat|700|||||||\" button_icon=\"$||divi||400\" text_orientation=\"left\" background_layout=\"light\" header_font_size_tablet=\"26px\" header_font_size_phone=\"20px\" header_font_size_last_edited=\"on|phone\" global_colors_info=\"{}\" button_text_size__hover_enabled=\"off\" button_one_text_size__hover_enabled=\"off\" button_two_text_size__hover_enabled=\"off\" button_text_color__hover_enabled=\"off\" button_one_text_color__hover_enabled=\"off\" button_two_text_color__hover_enabled=\"off\" button_border_width__hover_enabled=\"off\" button_one_border_width__hover_enabled=\"off\" button_two_border_width__hover_enabled=\"off\" button_border_color__hover_enabled=\"off\" button_one_border_color__hover_enabled=\"off\" button_two_border_color__hover_enabled=\"off\" button_border_radius__hover_enabled=\"off\" button_one_border_radius__hover_enabled=\"off\" button_two_border_radius__hover_enabled=\"off\" button_letter_spacing__hover_enabled=\"off\" button_one_letter_spacing__hover_enabled=\"off\" button_two_letter_spacing__hover_enabled=\"off\" button_bg_color__hover_enabled=\"off\" button_one_bg_color__hover_enabled=\"off\" button_two_bg_color__hover_enabled=\"off\"]\n\n<span>Notre prosp\u00e9rit\u00e9 est intimement li\u00e9e \u00e0 notre \u00e9quipe de conducteurs d\u00e9di\u00e9s, responsables et exp\u00e9riment\u00e9s, qui par amour du travail, ex\u00e9cutent les missions souvent \u00e0 perfection.&nbsp; <\/span>\n\n<span>Nous s\u00e9lectionnons les profils les plus adapt\u00e9s \u00e0 l\u2019emploi et attirons les jeunes talents \u00e0 d\u00e9couvrir pleinement notre m\u00e9tier gr\u00e2ce \u00e0 un suivi et un encadrement assur\u00e9s par nos plus exp\u00e9riment\u00e9s. <\/span>\n\n[\/et_pb_cta][\/et_pb_column][et_pb_column type=\"2_3\" _builder_version=\"4.16\" _module_preset=\"default\" custom_padding=\"|||\" global_colors_info=\"{}\" custom_padding__hover=\"|||\"][et_pb_image src=\"https:\/\/france-insight.com\/wp-content\/uploads\/2022\/07\/IMG_20220530_140843-scaled.jpg\" align=\"right\" force_fullwidth=\"on\" _builder_version=\"4.17.4\" _module_preset=\"default\" custom_margin=\"|||\" animation_style=\"zoom\" animation_direction=\"right\" animation_intensity_zoom=\"5%\" hover_enabled=\"0\" always_center_on_mobile=\"off\" global_colors_info=\"{}\" title_text=\"fznor_vivid\" sticky_enabled=\"0\"][\/et_pb_image][\/et_pb_column][\/et_pb_row][\/et_pb_section]","_et_gb_content_width":"","footnotes":""},"class_list":["post-468","page","type-page","status-publish","hentry"],"yoast_head":"<!-- This site is optimized with the Yoast SEO plugin v20.3 - https:\/\/yoast.com\/wordpress\/plugins\/seo\/ -->\n<title>Team - FRANCE INSIGHT<\/title>\n<meta name=\"robots\" content=\"index, follow, max-snippet:-1, max-image-preview:large, max-video-preview:-1\" \/>\n<link rel=\"canonical\" href=\"https:\/\/france-insight.com\/en\/team\/\" \/>\n<meta property=\"og:locale\" content=\"en_US\" \/>\n<meta property=\"og:type\" content=\"article\" \/>\n<meta property=\"og:title\" content=\"Team - FRANCE INSIGHT\" \/>\n<meta property=\"og:description\" content=\"Notre \u00e9quipe&nbsp; Notre prosp\u00e9rit\u00e9 est intimement li\u00e9e \u00e0 notre \u00e9quipe de conducteurs d\u00e9di\u00e9s, responsables et exp\u00e9riment\u00e9s, qui par amour du travail, ex\u00e9cutent les missions souvent \u00e0 perfection.&nbsp; Nous s\u00e9lectionnons les profils les plus adapt\u00e9s \u00e0 l\u2019emploi et attirons les jeunes talents \u00e0 d\u00e9couvrir pleinement notre m\u00e9tier gr\u00e2ce \u00e0 un suivi et un encadrement assur\u00e9s par [&hellip;]\" \/>\n<meta property=\"og:url\" content=\"https:\/\/france-insight.com\/en\/team\/\" \/>\n<meta property=\"og:site_name\" content=\"FRANCE INSIGHT\" \/>\n<meta property=\"article:modified_time\" content=\"2022-10-02T13:29:31+00:00\" \/>\n<meta name=\"twitter:card\" content=\"summary_large_image\" \/>\n<meta name=\"twitter:label1\" content=\"Est. reading time\" \/>\n\t<meta name=\"twitter:data1\" content=\"4 minutes\" \/>\n<script type=\"application\/ld+json\" class=\"yoast-schema-graph\">{\"@context\":\"https:\/\/schema.org\",\"@graph\":[{\"@type\":\"WebPage\",\"@id\":\"https:\/\/france-insight.com\/en\/team\/\",\"url\":\"https:\/\/france-insight.com\/en\/team\/\",\"name\":\"Team - FRANCE INSIGHT\",\"isPartOf\":{\"@id\":\"https:\/\/france-insight.com\/en\/#website\"},\"datePublished\":\"2022-06-18T15:54:03+00:00\",\"dateModified\":\"2022-10-02T13:29:31+00:00\",\"breadcrumb\":{\"@id\":\"https:\/\/france-insight.com\/en\/team\/#breadcrumb\"},\"inLanguage\":\"en-US\",\"potentialAction\":[{\"@type\":\"ReadAction\",\"target\":[\"https:\/\/france-insight.com\/en\/team\/\"]}]},{\"@type\":\"BreadcrumbList\",\"@id\":\"https:\/\/france-insight.com\/en\/team\/#breadcrumb\",\"itemListElement\":[{\"@type\":\"ListItem\",\"position\":1,\"name\":\"Accueil\",\"item\":\"https:\/\/france-insight.com\/\"},{\"@type\":\"ListItem\",\"position\":2,\"name\":\"Team\"}]},{\"@type\":\"WebSite\",\"@id\":\"https:\/\/france-insight.com\/en\/#website\",\"url\":\"https:\/\/france-insight.com\/en\/\",\"name\":\"FRANCE INSIGHT\",\"description\":\"Mobilit\u00e9 | CDG Services a\u00e9roportuaires | Services scolaires et Touristiques depuis 2000\",\"publisher\":{\"@id\":\"https:\/\/france-insight.com\/en\/#organization\"},\"potentialAction\":[{\"@type\":\"SearchAction\",\"target\":{\"@type\":\"EntryPoint\",\"urlTemplate\":\"https:\/\/france-insight.com\/en\/?s={search_term_string}\"},\"query-input\":\"required name=search_term_string\"}],\"inLanguage\":\"en-US\"},{\"@type\":\"Organization\",\"@id\":\"https:\/\/france-insight.com\/en\/#organization\",\"name\":\"FRANCE INSIGHT\",\"url\":\"https:\/\/france-insight.com\/en\/\",\"logo\":{\"@type\":\"ImageObject\",\"inLanguage\":\"en-US\",\"@id\":\"https:\/\/france-insight.com\/en\/#\/schema\/logo\/image\/\",\"url\":\"https:\/\/france-insight.com\/wp-content\/uploads\/2022\/06\/icon.jpg\",\"contentUrl\":\"https:\/\/france-insight.com\/wp-content\/uploads\/2022\/06\/icon.jpg\",\"width\":500,\"height\":500,\"caption\":\"FRANCE INSIGHT\"},\"image\":{\"@id\":\"https:\/\/france-insight.com\/en\/#\/schema\/logo\/image\/\"}}]}<\/script>\n<!-- \/ Yoast SEO plugin. -->","yoast_head_json":{"title":"Team - FRANCE INSIGHT","robots":{"index":"index","follow":"follow","max-snippet":"max-snippet:-1","max-image-preview":"max-image-preview:large","max-video-preview":"max-video-preview:-1"},"canonical":"https:\/\/france-insight.com\/en\/team\/","og_locale":"en_US","og_type":"article","og_title":"Team - FRANCE INSIGHT","og_description":"Notre \u00e9quipe&nbsp; Notre prosp\u00e9rit\u00e9 est intimement li\u00e9e \u00e0 notre \u00e9quipe de conducteurs d\u00e9di\u00e9s, responsables et exp\u00e9riment\u00e9s, qui par amour du travail, ex\u00e9cutent les missions souvent \u00e0 perfection.&nbsp; Nous s\u00e9lectionnons les profils les plus adapt\u00e9s \u00e0 l\u2019emploi et attirons les jeunes talents \u00e0 d\u00e9couvrir pleinement notre m\u00e9tier gr\u00e2ce \u00e0 un suivi et un encadrement assur\u00e9s par [&hellip;]","og_url":"https:\/\/france-insight.com\/en\/team\/","og_site_name":"FRANCE INSIGHT","article_modified_time":"2022-10-02T13:29:31+00:00","twitter_card":"summary_large_image","twitter_misc":{"Est. reading time":"4 minutes"},"schema":{"@context":"https:\/\/schema.org","@graph":[{"@type":"WebPage","@id":"https:\/\/france-insight.com\/en\/team\/","url":"https:\/\/france-insight.com\/en\/team\/","name":"Team - FRANCE INSIGHT","isPartOf":{"@id":"https:\/\/france-insight.com\/en\/#website"},"datePublished":"2022-06-18T15:54:03+00:00","dateModified":"2022-10-02T13:29:31+00:00","breadcrumb":{"@id":"https:\/\/france-insight.com\/en\/team\/#breadcrumb"},"inLanguage":"en-US","potentialAction":[{"@type":"ReadAction","target":["https:\/\/france-insight.com\/en\/team\/"]}]},{"@type":"BreadcrumbList","@id":"https:\/\/france-insight.com\/en\/team\/#breadcrumb","itemListElement":[{"@type":"ListItem","position":1,"name":"Accueil","item":"https:\/\/france-insight.com\/"},{"@type":"ListItem","position":2,"name":"Team"}]},{"@type":"WebSite","@id":"https:\/\/france-insight.com\/en\/#website","url":"https:\/\/france-insight.com\/en\/","name":"FRANCE INSIGHT","description":"Mobilit\u00e9 | CDG Services a\u00e9roportuaires | Services scolaires et Touristiques depuis 2000","publisher":{"@id":"https:\/\/france-insight.com\/en\/#organization"},"potentialAction":[{"@type":"SearchAction","target":{"@type":"EntryPoint","urlTemplate":"https:\/\/france-insight.com\/en\/?s={search_term_string}"},"query-input":"required name=search_term_string"}],"inLanguage":"en-US"},{"@type":"Organization","@id":"https:\/\/france-insight.com\/en\/#organization","name":"FRANCE INSIGHT","url":"https:\/\/france-insight.com\/en\/","logo":{"@type":"ImageObject","inLanguage":"en-US","@id":"https:\/\/france-insight.com\/en\/#\/schema\/logo\/image\/","url":"https:\/\/france-insight.com\/wp-content\/uploads\/2022\/06\/icon.jpg","contentUrl":"https:\/\/france-insight.com\/wp-content\/uploads\/2022\/06\/icon.jpg","width":500,"height":500,"caption":"FRANCE INSIGHT"},"image":{"@id":"https:\/\/france-insight.com\/en\/#\/schema\/logo\/image\/"}}]}},"_links":{"self":[{"href":"https:\/\/france-insight.com\/en\/wp-json\/wp\/v2\/pages\/468","targetHints":{"allow":["GET"]}}],"collection":[{"href":"https:\/\/france-insight.com\/en\/wp-json\/wp\/v2\/pages"}],"about":[{"href":"https:\/\/france-insight.com\/en\/wp-json\/wp\/v2\/types\/page"}],"author":[{"embeddable":true,"href":"https:\/\/france-insight.com\/en\/wp-json\/wp\/v2\/users\/1"}],"replies":[{"embeddable":true,"href":"https:\/\/france-insight.com\/en\/wp-json\/wp\/v2\/comments?post=468"}],"version-history":[{"count":6,"href":"https:\/\/france-insight.com\/en\/wp-json\/wp\/v2\/pages\/468\/revisions"}],"predecessor-version":[{"id":508,"href":"https:\/\/france-insight.com\/en\/wp-json\/wp\/v2\/pages\/468\/revisions\/508"}],"wp:attachment":[{"href":"https:\/\/france-insight.com\/en\/wp-json\/wp\/v2\/media?parent=468"}],"curies":[{"name":"wp","href":"https:\/\/api.w.org\/{rel}","templated":true}]}}