{"id":467,"date":"2022-06-18T17:55:23","date_gmt":"2022-06-18T15:55:23","guid":{"rendered":"https:\/\/france-insight.com\/carriere\/"},"modified":"2026-02-12T14:15:49","modified_gmt":"2026-02-12T13:15:49","slug":"career","status":"publish","type":"page","link":"https:\/\/france-insight.com\/en\/career\/","title":{"rendered":"CARRIERE"},"content":{"rendered":"<p>[et_pb_section fb_built=&#8221;1&#8243; admin_label=&#8221;Header&#8221; _builder_version=&#8221;4.16&#8243; _module_preset=&#8221;default&#8221; background_color=&#8221;#f1580c&#8221; background_image=&#8221;https:\/\/france-insight.com\/wp-content\/uploads\/2022\/06\/transportation-services-18.png&#8221; background_size=&#8221;initial&#8221; background_position=&#8221;bottom_left&#8221; background_blend=&#8221;multiply&#8221; global_colors_info=&#8221;{}&#8221;][et_pb_row _builder_version=&#8221;4.16&#8243; _module_preset=&#8221;default&#8221; global_colors_info=&#8221;{}&#8221;][et_pb_column type=&#8221;4_4&#8243; _builder_version=&#8221;4.16&#8243; _module_preset=&#8221;default&#8221; custom_padding=&#8221;|||&#8221; global_colors_info=&#8221;{}&#8221; custom_padding__hover=&#8221;|||&#8221;][et_pb_text ul_type=&#8221;circle&#8221; _builder_version=&#8221;4.17.6&#8243; _module_preset=&#8221;default&#8221; text_font=&#8221;||||||||&#8221; text_font_size=&#8221;18px&#8221; text_line_height=&#8221;2em&#8221; ul_font=&#8221;||||||||&#8221; ul_font_size=&#8221;18px&#8221; ul_line_height=&#8221;2em&#8221; header_font=&#8221;Montserrat|700|||||||&#8221; header_font_size=&#8221;50px&#8221; header_line_height=&#8221;1.2em&#8221; text_orientation=&#8221;center&#8221; background_layout=&#8221;dark&#8221; header_font_size_tablet=&#8221;40px&#8221; header_font_size_phone=&#8221;28px&#8221; header_font_size_last_edited=&#8221;on|phone&#8221; global_colors_info=&#8221;{}&#8221;]<\/p>\n<h1>JOINS US<\/h1>\n<p>[\/et_pb_text][\/et_pb_column][\/et_pb_row][\/et_pb_section][et_pb_section fb_built=&#8221;1&#8243; admin_label=&#8221;Contact us&#8221; _builder_version=&#8221;4.16&#8243; _module_preset=&#8221;default&#8221; background_image=&#8221;https:\/\/france-insight.com\/wp-content\/uploads\/2022\/06\/transportation-services-05.png&#8221; background_size=&#8221;initial&#8221; background_position=&#8221;top_left&#8221; global_colors_info=&#8221;{}&#8221;][et_pb_row column_structure=&#8221;1_2,1_2&#8243; padding_top_bottom_link_2=&#8221;true&#8221; padding_left_right_link_2=&#8221;true&#8221; _builder_version=&#8221;4.17.4&#8243; _module_preset=&#8221;default&#8221; global_colors_info=&#8221;{}&#8221;][et_pb_column type=&#8221;1_2&#8243; _builder_version=&#8221;4.16&#8243; _module_preset=&#8221;default&#8221; custom_padding=&#8221;40px|||&#8221; custom_padding_tablet=&#8221;0px|||||false&#8221; custom_padding_phone=&#8221;|3vw||&#8221; custom_padding_last_edited=&#8221;on|desktop&#8221; global_colors_info=&#8221;{}&#8221; padding_phone=&#8221;|3vw||&#8221; padding_tablet=&#8221;0px|||||false&#8221; padding_last_edited=&#8221;on|desktop&#8221; custom_padding__hover=&#8221;|||&#8221;][et_pb_text _builder_version=&#8221;4.17.6&#8243; _module_preset=&#8221;default&#8221; text_font=&#8221;||||||||&#8221; text_font_size=&#8221;18px&#8221; text_line_height=&#8221;1.8em&#8221; header_font=&#8221;||||||||&#8221; header_2_font=&#8221;Montserrat|700|||||||&#8221; header_2_font_size=&#8221;48px&#8221; header_2_line_height=&#8221;1.4em&#8221; max_width=&#8221;700px&#8221; module_alignment=&#8221;center&#8221; header_2_font_size_tablet=&#8221;38px&#8221; header_2_font_size_phone=&#8221;28px&#8221; header_2_font_size_last_edited=&#8221;on|phone&#8221; global_colors_info=&#8221;{}&#8221;]<\/p>\n<h2>JOB OPPORTUNITIES<\/h2>\n<p>Our prosperity is directly linked to our team of dedicated, responsible and experienced drivers who, for the love of work, often carry out the missions to perfection.<\/p>\n<p>We select the most suitable profiles for the job and attract young talents to fully discover our profession thanks to monitoring and supervision provided by our most experienced colleagues.<\/p>\n<p>Want to join us ?<\/p>\n<p>If you share our values, you should join the FRANCE INSIGHT team. We are always on the lookout for talent and good drivers.<\/p>\n<p>[\/et_pb_text][et_pb_blurb title=&#8221;info@france-insight.com&#8221; use_icon=&#8221;on&#8221; font_icon=&#8221;&#xe076;||divi||400&#8243; icon_color=&#8221;#f1580c&#8221; icon_placement=&#8221;left&#8221; _builder_version=&#8221;4.17.6&#8243; _module_preset=&#8221;default&#8221; header_font=&#8221;Montserrat|700|||||||&#8221; header_font_size=&#8221;16px&#8221; header_line_height=&#8221;1.4em&#8221; body_font=&#8221;||||||||&#8221; body_line_height=&#8221;2em&#8221; text_orientation=&#8221;center&#8221; global_colors_info=&#8221;{}&#8221;][\/et_pb_blurb][\/et_pb_column][et_pb_column type=&#8221;1_2&#8243; _builder_version=&#8221;4.16&#8243; _module_preset=&#8221;default&#8221; custom_padding=&#8221;40px|||&#8221; custom_padding_tablet=&#8221;0px|||||false&#8221; custom_padding_phone=&#8221;|3vw||&#8221; custom_padding_last_edited=&#8221;on|desktop&#8221; global_colors_info=&#8221;{}&#8221; padding_phone=&#8221;|3vw||&#8221; padding_tablet=&#8221;0px|||||false&#8221; padding_last_edited=&#8221;on|desktop&#8221; custom_padding__hover=&#8221;|||&#8221;][et_pb_image src=&#8221;https:\/\/france-insight.com\/wp-content\/uploads\/2022\/08\/coach-bus-driver-keeping-steering-wheel-close-up-2021-08-28-11-02-53-utc-scaled.jpg&#8221; title_text=&#8221;Coach Bus Driver Keeping Steering Wheel Close Up&#8221; _builder_version=&#8221;4.17.6&#8243; _module_preset=&#8221;default&#8221; border_color_all=&#8221;RGBA(255,255,255,0)&#8221; global_colors_info=&#8221;{}&#8221;][\/et_pb_image][\/et_pb_column][\/et_pb_row][\/et_pb_section]<\/p>\n","protected":false},"excerpt":{"rendered":"<p>JOINS USJOB OPPORTUNITIES Our prosperity is directly linked to our team of dedicated, responsible and experienced drivers who, for the love of work, often carry out the missions to perfection. We select the most suitable profiles for the job and attract young talents to fully discover our profession thanks to monitoring and supervision provided by [&hellip;]<\/p>\n","protected":false},"author":1,"featured_media":0,"parent":0,"menu_order":0,"comment_status":"closed","ping_status":"closed","template":"","meta":{"_et_pb_use_builder":"on","_et_pb_old_content":"[et_pb_section fb_built=\"1\" admin_label=\"Header\" _builder_version=\"4.16\" _module_preset=\"default\" background_color=\"#f1580c\" background_image=\"https:\/\/france-insight.com\/wp-content\/uploads\/2022\/06\/transportation-services-18.png\" background_size=\"initial\" background_position=\"bottom_left\" background_blend=\"multiply\" global_colors_info=\"{}\"][et_pb_row _builder_version=\"4.16\" _module_preset=\"default\" global_colors_info=\"{}\"][et_pb_column type=\"4_4\" _builder_version=\"4.16\" _module_preset=\"default\" custom_padding=\"|||\" global_colors_info=\"{}\" custom_padding__hover=\"|||\"][et_pb_text ul_type=\"circle\" _builder_version=\"4.17.6\" _module_preset=\"default\" text_font=\"||||||||\" text_font_size=\"18px\" text_line_height=\"2em\" ul_font=\"||||||||\" ul_font_size=\"18px\" ul_line_height=\"2em\" header_font=\"Montserrat|700|||||||\" header_font_size=\"50px\" header_line_height=\"1.2em\" text_orientation=\"center\" background_layout=\"dark\" hover_enabled=\"0\" header_font_size_tablet=\"40px\" header_font_size_phone=\"28px\" header_font_size_last_edited=\"on|phone\" global_colors_info=\"{}\" sticky_enabled=\"0\"]\n<h1>REJOIGNEZ \u2013 NOUS<\/h1>\n[\/et_pb_text][\/et_pb_column][\/et_pb_row][\/et_pb_section][et_pb_section fb_built=\"1\" admin_label=\"Contact us\" _builder_version=\"4.16\" _module_preset=\"default\" background_image=\"https:\/\/france-insight.com\/wp-content\/uploads\/2022\/06\/transportation-services-05.png\" background_size=\"initial\" background_position=\"top_left\" global_colors_info=\"{}\"][et_pb_row column_structure=\"1_2,1_2\" padding_top_bottom_link_2=\"true\" padding_left_right_link_2=\"true\" _builder_version=\"4.17.4\" _module_preset=\"default\" hover_enabled=\"0\" global_colors_info=\"{}\" sticky_enabled=\"0\"][et_pb_column type=\"1_2\" _builder_version=\"4.16\" _module_preset=\"default\" custom_padding=\"40px|||\" custom_padding_tablet=\"0px|||||false\" custom_padding_phone=\"|3vw||\" custom_padding_last_edited=\"on|desktop\" global_colors_info=\"{}\" padding_phone=\"|3vw||\" padding_tablet=\"0px|||||false\" padding_last_edited=\"on|desktop\" custom_padding__hover=\"|||\"][et_pb_text _builder_version=\"4.17.6\" _module_preset=\"default\" text_font=\"||||||||\" text_font_size=\"18px\" text_line_height=\"1.8em\" header_font=\"||||||||\" header_2_font=\"Montserrat|700|||||||\" header_2_font_size=\"48px\" header_2_line_height=\"1.4em\" max_width=\"700px\" module_alignment=\"center\" hover_enabled=\"0\" header_2_font_size_tablet=\"38px\" header_2_font_size_phone=\"28px\" header_2_font_size_last_edited=\"on|phone\" global_colors_info=\"{}\" sticky_enabled=\"0\"]\n<h2>Carri\u00e8re<\/h2>\n<span>Notre prosp\u00e9rit\u00e9 est intimement li\u00e9e \u00e0 notre \u00e9quipe de conducteurs d\u00e9di\u00e9s, responsables et exp\u00e9riment\u00e9s, qui par amour du travail, ex\u00e9cutent les missions souvent \u00e0 perfection.<\/span>\n\nNous s\u00e9lectionnons les profils les plus adapt\u00e9s \u00e0 l\u2019emploi et attirons les jeunes talents \u00e0 d\u00e9couvrir pleinement notre m\u00e9tier gr\u00e2ce \u00e0 un suivi et un encadrement assur\u00e9s par nos plus exp\u00e9riment\u00e9s.\n\n<span>Envie de nous rejoindre&nbsp;?<\/span>\n\n<span>Si vous partagez nos valeurs, rejoignez l\u2019\u00e9quipe de FRANCE INSIGHT. Nous sommes toujours \u00e0 la recherche de talent et d\u2019esprit visionnaire.&nbsp; <\/span>\n\n[\/et_pb_text][et_pb_blurb title=\"+33 (0)6 69 09 13 20\" use_icon=\"on\" font_icon=\"\ue090||divi||400\" icon_color=\"#f1580c\" icon_placement=\"left\" _builder_version=\"4.17.6\" _module_preset=\"default\" header_font=\"Montserrat|700|||||||\" header_font_size=\"16px\" header_line_height=\"1.4em\" body_font=\"||||||||\" body_line_height=\"2em\" text_orientation=\"center\" hover_enabled=\"0\" global_colors_info=\"{}\" sticky_enabled=\"0\"][\/et_pb_blurb][et_pb_blurb title=\"info@france-insight.com\" use_icon=\"on\" font_icon=\"\ue076||divi||400\" icon_color=\"#f1580c\" icon_placement=\"left\" _builder_version=\"4.17.6\" _module_preset=\"default\" header_font=\"Montserrat|700|||||||\" header_font_size=\"16px\" header_line_height=\"1.4em\" body_font=\"||||||||\" body_line_height=\"2em\" text_orientation=\"center\" hover_enabled=\"0\" global_colors_info=\"{}\" sticky_enabled=\"0\"][\/et_pb_blurb][\/et_pb_column][et_pb_column type=\"1_2\" _builder_version=\"4.16\" _module_preset=\"default\" custom_padding=\"40px|||\" custom_padding_tablet=\"0px|||||false\" custom_padding_phone=\"|3vw||\" custom_padding_last_edited=\"on|desktop\" global_colors_info=\"{}\" padding_phone=\"|3vw||\" padding_tablet=\"0px|||||false\" padding_last_edited=\"on|desktop\" custom_padding__hover=\"|||\"][et_pb_image src=\"https:\/\/france-insight.com\/wp-content\/uploads\/2022\/08\/coach-bus-driver-keeping-steering-wheel-close-up-2021-08-28-11-02-53-utc-scaled.jpg\" title_text=\"Coach Bus Driver Keeping Steering Wheel Close Up\" _builder_version=\"4.17.6\" _module_preset=\"default\" hover_enabled=\"0\" border_color_all=\"RGBA(255,255,255,0)\" global_colors_info=\"{}\" sticky_enabled=\"0\"][\/et_pb_image][\/et_pb_column][\/et_pb_row][\/et_pb_section]","_et_gb_content_width":"","footnotes":""},"class_list":["post-467","page","type-page","status-publish","hentry"],"yoast_head":"<!-- This site is optimized with the Yoast SEO plugin v20.3 - https:\/\/yoast.com\/wordpress\/plugins\/seo\/ -->\n<title>CARRIERE - FRANCE INSIGHT<\/title>\n<meta name=\"robots\" content=\"index, follow, max-snippet:-1, max-image-preview:large, max-video-preview:-1\" \/>\n<link rel=\"canonical\" href=\"https:\/\/france-insight.com\/en\/career\/\" \/>\n<meta property=\"og:locale\" content=\"en_US\" \/>\n<meta property=\"og:type\" content=\"article\" \/>\n<meta property=\"og:title\" content=\"CARRIERE - FRANCE INSIGHT\" \/>\n<meta property=\"og:description\" content=\"JOINS USJOB OPPORTUNITIES Our prosperity is directly linked to our team of dedicated, responsible and experienced drivers who, for the love of work, often carry out the missions to perfection. We select the most suitable profiles for the job and attract young talents to fully discover our profession thanks to monitoring and supervision provided by [&hellip;]\" \/>\n<meta property=\"og:url\" content=\"https:\/\/france-insight.com\/en\/career\/\" \/>\n<meta property=\"og:site_name\" content=\"FRANCE INSIGHT\" \/>\n<meta property=\"article:modified_time\" content=\"2026-02-12T13:15:49+00:00\" \/>\n<meta name=\"twitter:card\" content=\"summary_large_image\" \/>\n<meta name=\"twitter:label1\" content=\"Est. reading time\" \/>\n\t<meta name=\"twitter:data1\" content=\"3 minutes\" \/>\n<script type=\"application\/ld+json\" class=\"yoast-schema-graph\">{\"@context\":\"https:\/\/schema.org\",\"@graph\":[{\"@type\":\"WebPage\",\"@id\":\"https:\/\/france-insight.com\/en\/career\/\",\"url\":\"https:\/\/france-insight.com\/en\/career\/\",\"name\":\"CARRIERE - FRANCE INSIGHT\",\"isPartOf\":{\"@id\":\"https:\/\/france-insight.com\/en\/#website\"},\"datePublished\":\"2022-06-18T15:55:23+00:00\",\"dateModified\":\"2026-02-12T13:15:49+00:00\",\"breadcrumb\":{\"@id\":\"https:\/\/france-insight.com\/en\/career\/#breadcrumb\"},\"inLanguage\":\"en-US\",\"potentialAction\":[{\"@type\":\"ReadAction\",\"target\":[\"https:\/\/france-insight.com\/en\/career\/\"]}]},{\"@type\":\"BreadcrumbList\",\"@id\":\"https:\/\/france-insight.com\/en\/career\/#breadcrumb\",\"itemListElement\":[{\"@type\":\"ListItem\",\"position\":1,\"name\":\"Accueil\",\"item\":\"https:\/\/france-insight.com\/\"},{\"@type\":\"ListItem\",\"position\":2,\"name\":\"CARRIERE\"}]},{\"@type\":\"WebSite\",\"@id\":\"https:\/\/france-insight.com\/en\/#website\",\"url\":\"https:\/\/france-insight.com\/en\/\",\"name\":\"FRANCE INSIGHT\",\"description\":\"Mobilit\u00e9 | CDG Services a\u00e9roportuaires | Services scolaires et Touristiques depuis 2000\",\"publisher\":{\"@id\":\"https:\/\/france-insight.com\/en\/#organization\"},\"potentialAction\":[{\"@type\":\"SearchAction\",\"target\":{\"@type\":\"EntryPoint\",\"urlTemplate\":\"https:\/\/france-insight.com\/en\/?s={search_term_string}\"},\"query-input\":\"required name=search_term_string\"}],\"inLanguage\":\"en-US\"},{\"@type\":\"Organization\",\"@id\":\"https:\/\/france-insight.com\/en\/#organization\",\"name\":\"FRANCE INSIGHT\",\"url\":\"https:\/\/france-insight.com\/en\/\",\"logo\":{\"@type\":\"ImageObject\",\"inLanguage\":\"en-US\",\"@id\":\"https:\/\/france-insight.com\/en\/#\/schema\/logo\/image\/\",\"url\":\"https:\/\/france-insight.com\/wp-content\/uploads\/2022\/06\/icon.jpg\",\"contentUrl\":\"https:\/\/france-insight.com\/wp-content\/uploads\/2022\/06\/icon.jpg\",\"width\":500,\"height\":500,\"caption\":\"FRANCE INSIGHT\"},\"image\":{\"@id\":\"https:\/\/france-insight.com\/en\/#\/schema\/logo\/image\/\"}}]}<\/script>\n<!-- \/ Yoast SEO plugin. -->","yoast_head_json":{"title":"CARRIERE - FRANCE INSIGHT","robots":{"index":"index","follow":"follow","max-snippet":"max-snippet:-1","max-image-preview":"max-image-preview:large","max-video-preview":"max-video-preview:-1"},"canonical":"https:\/\/france-insight.com\/en\/career\/","og_locale":"en_US","og_type":"article","og_title":"CARRIERE - FRANCE INSIGHT","og_description":"JOINS USJOB OPPORTUNITIES Our prosperity is directly linked to our team of dedicated, responsible and experienced drivers who, for the love of work, often carry out the missions to perfection. We select the most suitable profiles for the job and attract young talents to fully discover our profession thanks to monitoring and supervision provided by [&hellip;]","og_url":"https:\/\/france-insight.com\/en\/career\/","og_site_name":"FRANCE INSIGHT","article_modified_time":"2026-02-12T13:15:49+00:00","twitter_card":"summary_large_image","twitter_misc":{"Est. reading time":"3 minutes"},"schema":{"@context":"https:\/\/schema.org","@graph":[{"@type":"WebPage","@id":"https:\/\/france-insight.com\/en\/career\/","url":"https:\/\/france-insight.com\/en\/career\/","name":"CARRIERE - FRANCE INSIGHT","isPartOf":{"@id":"https:\/\/france-insight.com\/en\/#website"},"datePublished":"2022-06-18T15:55:23+00:00","dateModified":"2026-02-12T13:15:49+00:00","breadcrumb":{"@id":"https:\/\/france-insight.com\/en\/career\/#breadcrumb"},"inLanguage":"en-US","potentialAction":[{"@type":"ReadAction","target":["https:\/\/france-insight.com\/en\/career\/"]}]},{"@type":"BreadcrumbList","@id":"https:\/\/france-insight.com\/en\/career\/#breadcrumb","itemListElement":[{"@type":"ListItem","position":1,"name":"Accueil","item":"https:\/\/france-insight.com\/"},{"@type":"ListItem","position":2,"name":"CARRIERE"}]},{"@type":"WebSite","@id":"https:\/\/france-insight.com\/en\/#website","url":"https:\/\/france-insight.com\/en\/","name":"FRANCE INSIGHT","description":"Mobilit\u00e9 | CDG Services a\u00e9roportuaires | Services scolaires et Touristiques depuis 2000","publisher":{"@id":"https:\/\/france-insight.com\/en\/#organization"},"potentialAction":[{"@type":"SearchAction","target":{"@type":"EntryPoint","urlTemplate":"https:\/\/france-insight.com\/en\/?s={search_term_string}"},"query-input":"required name=search_term_string"}],"inLanguage":"en-US"},{"@type":"Organization","@id":"https:\/\/france-insight.com\/en\/#organization","name":"FRANCE INSIGHT","url":"https:\/\/france-insight.com\/en\/","logo":{"@type":"ImageObject","inLanguage":"en-US","@id":"https:\/\/france-insight.com\/en\/#\/schema\/logo\/image\/","url":"https:\/\/france-insight.com\/wp-content\/uploads\/2022\/06\/icon.jpg","contentUrl":"https:\/\/france-insight.com\/wp-content\/uploads\/2022\/06\/icon.jpg","width":500,"height":500,"caption":"FRANCE INSIGHT"},"image":{"@id":"https:\/\/france-insight.com\/en\/#\/schema\/logo\/image\/"}}]}},"_links":{"self":[{"href":"https:\/\/france-insight.com\/en\/wp-json\/wp\/v2\/pages\/467","targetHints":{"allow":["GET"]}}],"collection":[{"href":"https:\/\/france-insight.com\/en\/wp-json\/wp\/v2\/pages"}],"about":[{"href":"https:\/\/france-insight.com\/en\/wp-json\/wp\/v2\/types\/page"}],"author":[{"embeddable":true,"href":"https:\/\/france-insight.com\/en\/wp-json\/wp\/v2\/users\/1"}],"replies":[{"embeddable":true,"href":"https:\/\/france-insight.com\/en\/wp-json\/wp\/v2\/comments?post=467"}],"version-history":[{"count":9,"href":"https:\/\/france-insight.com\/en\/wp-json\/wp\/v2\/pages\/467\/revisions"}],"predecessor-version":[{"id":706,"href":"https:\/\/france-insight.com\/en\/wp-json\/wp\/v2\/pages\/467\/revisions\/706"}],"wp:attachment":[{"href":"https:\/\/france-insight.com\/en\/wp-json\/wp\/v2\/media?parent=467"}],"curies":[{"name":"wp","href":"https:\/\/api.w.org\/{rel}","templated":true}]}}